{"id":17,"date":"2024-05-04T10:31:54","date_gmt":"2024-05-04T13:31:54","guid":{"rendered":"http:\/\/vzyadoqmoe.com.br\/?page_id=17"},"modified":"2024-05-04T12:59:30","modified_gmt":"2024-05-04T15:59:30","slug":"a-banda","status":"publish","type":"page","link":"https:\/\/vzyadoqmoe.com.br\/index.php\/a-banda\/","title":{"rendered":"A BANDA"},"content":{"rendered":"<div class=\"wp-block-image\">\n<figure class=\"aligncenter size-full\"><img loading=\"lazy\" decoding=\"async\" width=\"960\" height=\"559\" src=\"http:\/\/vzyadoqmoe.com.br\/wp-content\/uploads\/2024\/05\/vz_vaniatoledo2_1988.jpg\" alt=\"VZYADOQ MOE\" class=\"wp-image-18\" srcset=\"https:\/\/vzyadoqmoe.com.br\/wp-content\/uploads\/2024\/05\/vz_vaniatoledo2_1988.jpg 960w, https:\/\/vzyadoqmoe.com.br\/wp-content\/uploads\/2024\/05\/vz_vaniatoledo2_1988-300x175.jpg 300w, https:\/\/vzyadoqmoe.com.br\/wp-content\/uploads\/2024\/05\/vz_vaniatoledo2_1988-768x447.jpg 768w\" sizes=\"auto, (max-width: 960px) 100vw, 960px\" \/><figcaption class=\"wp-element-caption\">VZYADOQ MOE &#8211; Foto de V\u00e2nia Toledo &#8211; Divulga\u00e7\u00e3o<\/figcaption><\/figure>\n<\/div>\n\n\n<p>VZYADOQ MOE \u00e9 uma banda brasileira de rock alternativo. Surgido em 1986 na cidade de Sorocaba, o grupo causou furor e tornou-se objeto de culto rapidamente gra\u00e7as \u00e0 sua mistura original de influ\u00eancias. O Vzyadoq criou uma sonoridade inconfund\u00edvel a partir da mistura do p\u00f3s-punk ingl\u00eas (Bauhaus, Joy Division, The Cure, Killing Joke) com o rock dos alem\u00e3es do Einst\u00fcrzende Neubaten e Kraftwerk, samba de raiz (Nelson Cavaquinho, Cartola, Clara Nunes, &#8230;), literatura simbolista, hist\u00f3rias em quadrinhos e refer\u00eancias visuais ao cinema expressionista alem\u00e3o. O \u00c1pice, \u00fanico \u00e1lbum em vinil da banda, foi lan\u00e7ado em 1988 pelo selo Wop Bop, celeiro do rock independente de S\u00e3o Paulo nos anos 80, e permanece sendo um disco singular e influente.<\/p>\n\n\n\n<h3 class=\"wp-block-heading\">PRIM\u00d3RDIOS<\/h3>\n\n\n\n<p>O Vzyadoq inicial foi formado por tr\u00eas jovens no final da adolesc\u00eancia: Marcelo \u201cAcabado\u201d Raymond (guitarra), Marcos \u201cPeroba\u201d Stefani (bateria) e Marcelo \u201cFausto\u201d Marthe (vocal e letras). Quase todos eram autodidatas completos na m\u00fasica, e foram fortemente influenciados a formar a banda seguindo o lema punk do \u201cdo it yourself\u201d ap\u00f3s assistir a uma apresenta\u00e7\u00e3o hist\u00f3rica do quarteto feminino As Mercen\u00e1rias em Sorocaba. Algumas semanas depois dos primeiros ensaios, Jaksan Moreira (guitarra) se juntou ao time. A forma\u00e7\u00e3o cl\u00e1ssica se completaria logo em seguida, com a chegada de Degas Steffen (baixo). O eco na garagem da casa do pai de Peroba, onde aconteceram os primeiros ensaios, acabou ajudando a moldar o som potente da banda (seu efeito \u00e9 sentido, por exemplo, na sufocante atmosfera de Expans\u00e3o e no et\u00e9reo heavy metal Junto ao C\u00e9u). O nome foi criado no apertado quarto de dormir de Marthe, por meio de um sorteio dada\u00edsta levemente adulterado para que o resultado repleto de consoantes ficasse menos impronunci\u00e1vel.<\/p>\n\n\n\n<p>A op\u00e7\u00e3o inventiva por um kit de percuss\u00e3o composto de latas velhas e caixas de papel\u00e3o \u2013 uma vers\u00e3o com jeitinho brasileiro do rock industrial do Neubaten \u2013 foi um elemento que chamou muita aten\u00e7\u00e3o nos primeiros tempos. Mas, aos poucos, ficou claro que a batida incomum de Peroba, que concebia de maneira instintiva fus\u00f5es inovadoras de ritmos como o hardcore e a macumba, dispensava esses penduricalhos. Com o tempo, as latas foram trocadas por instrumentos tradicionais de bateria (mais tarde, j\u00e1 nos anos 2000, a percuss\u00e3o eletr\u00f4nica seria incorporada). A linha do repert\u00f3rio que daria origem ao LP O \u00c1pice nasceu do am\u00e1lgama produzido pela mistura de suas batidas com o baixo muscular e cheio de efeitos de Degas, mais as guitarras da dupla Acabado e Jaksan, que mesclavam distor\u00e7\u00e3o e riffs mel\u00f3dicos, al\u00e9m do vocal \u201canti-vocal\u201d de Marthe. Hits alternativos como O Incerto, Reden\u00e7\u00e3o, Fogo e Gelo e N\u00e3o H\u00e1 Morte exprimem bem essa combina\u00e7\u00e3o.<\/p>\n\n\n\n<p>As letras de Marthe tamb\u00e9m se diferenciavam de tudo que se ouvia no rock alternativo brasileiro dos anos 80. Obcecado pelo expressionismo e pelos filmes de terror e suspense em geral, ele comp\u00f4s a princ\u00edpio letras nas quais imagens impactantes e toda sorte de vis\u00e3o tormentosa, dark, ganhavam uma abordagem enigm\u00e1tica, mas igualmente carregada de humor, ironia e certo frescor juvenil. Aos poucos, ele foi expandindo seus voos liter\u00e1rios muito peculiares para o campo da escrita de fluxo de consci\u00eancia, o que resultava em letras aparentemente sem sentido, que abusavam de um vocabul\u00e1rio obscuro. N\u00e3o se deve menosprezar, por fim, sua fascina\u00e7\u00e3o \u2013 ainda que a mesma fosse apenas est\u00e9tica e n\u00e3o religiosa de fato \u2013 pelo espiritismo, esoterismo e candombl\u00e9.<\/p>\n\n\n\n<h3 class=\"wp-block-heading\">O PER\u00cdODO P\u00d3S-O \u00c1PICE<\/h3>\n\n\n\n<p>Logo ap\u00f3s a grava\u00e7\u00e3o de O \u00c1pice, a banda passou por uma reformula\u00e7\u00e3o. Jaksan deixou seu posto para cursar a faculdade e a segunda guitarra foi assumida por Fernando \u201cFernand\u00e3o\u201d B\u00e1lsamo. Da mesma gera\u00e7\u00e3o que Degas (que era dez anos mais velho que a m\u00e9dia dos demais integrantes), Fernand\u00e3o tinha uma forma\u00e7\u00e3o mais marcada pelo rock dos anos 60 e 70, em especial por artistas como os Rolling Stones. Embora esse curr\u00edculo n\u00e3o parecesse \u00e0 primeira vista se ajustar \u00e0 proposta do Vzyadoq, acabou se mesclando surpreendentemente bem ao universo da banda. Era o raiar dos anos 90, com a explos\u00e3o do grunge e uma atmosfera de rock pesado no ar. E a nova forma\u00e7\u00e3o acrescentou uma densidade t\u00e9cnica \u00e0 banda, sem corromper sua sonoridade original. Nessa fase rica e mais profissional, o Vzyadoq fez shows cl\u00e1ssicos, como na casa noturna paulistana Aeroanta. Produziu tamb\u00e9m muitas novas m\u00fasicas. Gravou, em S\u00e3o Paulo, o repert\u00f3rio hoje reunido no disco\/EP Hard Macumba, que inclui m\u00fasicas como Quando da Sabedoria e Viva Ians\u00e3! Tamb\u00e9m fez participa\u00e7\u00f5es em colet\u00e2neas independentes como Enquanto Isso\u2026 e Sanguinho Novo \u2013 nessa homenagem a Arnaldo Baptista, dos Mutantes, fizeram um cover ruidoso de Bomba H sobre S\u00e3o Paulo.<\/p>\n\n\n\n<h3 class=\"wp-block-heading\">A FASE QUARTETO<\/h3>\n\n\n\n<p>Em meados dos anos 90, ap\u00f3s a sa\u00edda de Fernand\u00e3o, o Vzyadoq Moe assumiu a forma\u00e7\u00e3o de quarteto e seu som tornou-se mais seco, instant\u00e2neo e agressivo. A banda passou a investir mais na busca de uma produ\u00e7\u00e3o em est\u00fadio capaz de traduzir o impacto de suas apresenta\u00e7\u00f5es ao vivo \u2013 coisa que n\u00e3o ocorreu em O \u00c1pice, no qual m\u00fasicas potentes como N\u00e3o H\u00e1 Morte ganharam vers\u00f5es menos cruas do que a banda gostaria.<\/p>\n\n\n\n<p>Foi nessa fase que o Vzyadoq fez seu primeiro clipe. Gravado ao longo de uma tarde cinzenta num pr\u00e9dio antigo no Vale do Anhangaba\u00fa, centro de S\u00e3o Paulo, o clipe de Rompantes de F\u00faria representou o cruzamento do expressionismo dos prim\u00f3rdios com o esp\u00edrito do rock e do hardcore. As cenas da banda tocando s\u00e3o entremeadas por imagens reais de pacientes de um hosp\u00edcio sendo submetidos a eletrochoques ou passando por crises de loucura.<\/p>\n\n\n\n<h3 class=\"wp-block-heading\">DISPERS\u00c3O E RETORNO<\/h3>\n\n\n\n<p>Pouco depois da grava\u00e7\u00e3o do clipe e de uma nova can\u00e7\u00e3o explosiva, Escalada Plastex, o Vzyadoq Moe se dissolveu, mas seus remanescentes continuaram a se devotar a projetos paralelos.<\/p>\n\n\n\n<p>Acabado, Marthe e Peroba investiram em projeto eletr\u00f4nico, o Pharmasex. A experi\u00eancia durou pouco, mas permitiu que, depois de v\u00e1rios anos, o antigo guitarrista Jaksan Moreira se juntasse novamente ao grupo. Da eletr\u00f4nica, eles saltaram novamente para o rock com o Kajera, quarteto que mesclava levada punk moderna e percuss\u00e3o de macumba. Enquanto isso, Degas se devotava igualmente a um projeto paralelo o The Low Key Hackers, que gravou um CD pela Manifesto Records e emplacou m\u00fasicas nas paradas de r\u00e1dios rock. Por certo per\u00edodo, Peroba tamb\u00e9m assumiu a bateria da banda paulistana 3 Hombres, formada por ex-integrantes do Fellini. Mais adiante, entrando nos anos 2000, os integrantes do Kajera formaram outro projeto totalmente eletr\u00f4nico, o VZtroniq.<\/p>\n\n\n\n<p>Finalmente, em 2010, o Vzyadoq Moe original voltou \u00e0 ativa como quinteto. Com a forma\u00e7\u00e3o cl\u00e1ssica se reuniu para relembrar seu repert\u00f3rio de todos os per\u00edodos. Isso est\u00e1 registrado em uma \u00fanica apresenta\u00e7\u00e3o na casa noturna Asteroide, em Sorocaba.<\/p>\n\n\n\n<div style=\"height:100px\" aria-hidden=\"true\" class=\"wp-block-spacer\"><\/div>\n\n\n\n<div style=\"height:100px\" aria-hidden=\"true\" class=\"wp-block-spacer\"><\/div>\n\n\n\n<p><\/p>\n","protected":false},"excerpt":{"rendered":"<p>VZYADOQ MOE \u00e9 uma banda brasileira de rock alternativo. Surgido em 1986 na cidade de Sorocaba, o grupo causou furor e tornou-se objeto de culto rapidamente gra\u00e7as \u00e0 sua mistura original de influ\u00eancias. O Vzyadoq<span class=\"more-button\"><a href=\"https:\/\/vzyadoqmoe.com.br\/index.php\/a-banda\/\" class=\"more-link\">Continue lendo<span class=\"screen-reader-text\">A BANDA<\/span><i class=\"fa fa-angle-right\" aria-hidden=\"true\"><\/i><\/a><\/span><\/p>\n","protected":false},"author":1,"featured_media":0,"parent":0,"menu_order":0,"comment_status":"closed","ping_status":"closed","template":"","meta":{"footnotes":""},"class_list":["post-17","page","type-page","status-publish","hentry"],"_links":{"self":[{"href":"https:\/\/vzyadoqmoe.com.br\/index.php\/wp-json\/wp\/v2\/pages\/17","targetHints":{"allow":["GET"]}}],"collection":[{"href":"https:\/\/vzyadoqmoe.com.br\/index.php\/wp-json\/wp\/v2\/pages"}],"about":[{"href":"https:\/\/vzyadoqmoe.com.br\/index.php\/wp-json\/wp\/v2\/types\/page"}],"author":[{"embeddable":true,"href":"https:\/\/vzyadoqmoe.com.br\/index.php\/wp-json\/wp\/v2\/users\/1"}],"replies":[{"embeddable":true,"href":"https:\/\/vzyadoqmoe.com.br\/index.php\/wp-json\/wp\/v2\/comments?post=17"}],"version-history":[{"count":5,"href":"https:\/\/vzyadoqmoe.com.br\/index.php\/wp-json\/wp\/v2\/pages\/17\/revisions"}],"predecessor-version":[{"id":135,"href":"https:\/\/vzyadoqmoe.com.br\/index.php\/wp-json\/wp\/v2\/pages\/17\/revisions\/135"}],"wp:attachment":[{"href":"https:\/\/vzyadoqmoe.com.br\/index.php\/wp-json\/wp\/v2\/media?parent=17"}],"curies":[{"name":"wp","href":"https:\/\/api.w.org\/{rel}","templated":true}]}}