{"id":194,"date":"2024-05-06T10:25:55","date_gmt":"2024-05-06T13:25:55","guid":{"rendered":"http:\/\/vzyadoqmoe.com.br\/?page_id=194"},"modified":"2025-01-10T20:02:44","modified_gmt":"2025-01-10T23:02:44","slug":"playlist","status":"publish","type":"page","link":"https:\/\/vzyadoqmoe.com.br\/index.php\/playlist\/","title":{"rendered":"PLAYLIST"},"content":{"rendered":"<div class=\"wp-block-image\">\n<figure class=\"aligncenter size-full is-resized\"><img loading=\"lazy\" decoding=\"async\" width=\"900\" height=\"660\" src=\"http:\/\/vzyadoqmoe.com.br\/wp-content\/uploads\/2024\/05\/vz-four-1992.jpg\" alt=\"Vzyadoq Moe\" class=\"wp-image-70\" style=\"width:544px;height:auto\" srcset=\"https:\/\/vzyadoqmoe.com.br\/wp-content\/uploads\/2024\/05\/vz-four-1992.jpg 900w, https:\/\/vzyadoqmoe.com.br\/wp-content\/uploads\/2024\/05\/vz-four-1992-300x220.jpg 300w, https:\/\/vzyadoqmoe.com.br\/wp-content\/uploads\/2024\/05\/vz-four-1992-768x563.jpg 768w\" sizes=\"auto, (max-width: 900px) 100vw, 900px\" \/><\/figure>\n<\/div>\n\n\n<p>Est\u00e3o dispon\u00edveis nos tocadores de streaming 3 \u00e1lbuns:<strong> O \u00c1pice, Hard Macumba e Singles<\/strong>  para todos curtirem um bom peda\u00e7o da nossa hist\u00f3ria musical, porque ainda muitas m\u00fasicas n\u00e3o foram gravadas, embora fizessem parte de muitos shows.<\/p>\n\n\n\n<div style=\"height:50px\" aria-hidden=\"true\" class=\"wp-block-spacer\"><\/div>\n\n\n\n<h3 class=\"wp-block-heading\">Todos os \u00e1lbuns do Vzyadoq Moe podem ser encontrados nos streamings da vida. S\u00f3 dar uma busca e aumentar o volume ainda mais&#8230;<\/h3>\n\n\n\n<div style=\"height:35px\" aria-hidden=\"true\" class=\"wp-block-spacer\"><\/div>\n\n\n\n<h4 class=\"wp-block-heading\"><strong>AMAZON MUSIC<\/strong><br><a href=\"https:\/\/music.amazon.com.br\/artists\/B072F2FSDK?ref=dm_sh_3iWyx20UjliP2zuQXinyGjfVR\" target=\"_blank\" rel=\"noreferrer noopener\">https:\/\/music.amazon.com.br\/artists\/B072F2FSDK?ref=dm_sh_3iWyx20UjliP2zuQXinyGjfVR<\/a><\/h4>\n\n\n\n<hr class=\"wp-block-separator has-alpha-channel-opacity is-style-wide\"\/>\n\n\n\n<h4 class=\"wp-block-heading\"><strong>APPLE MUSIC<\/strong><br><a href=\"https:\/\/music.apple.com\/br\/artist\/vzyadoq-moe\/1232287163?ls\" target=\"_blank\" rel=\"noreferrer noopener\">https:\/\/music.apple.com\/br\/artist\/vzyadoq-moe\/1232287163?ls<\/a><\/h4>\n\n\n\n<hr class=\"wp-block-separator has-alpha-channel-opacity is-style-wide\"\/>\n\n\n\n<h4 class=\"wp-block-heading\"><strong>DEEZER<\/strong><br><a href=\"https:\/\/deezer.page.link\/GDXHNT9Z4iVj5Xrg9\" target=\"_blank\" rel=\"noreferrer noopener\">https:\/\/deezer.page.link\/GDXHNT9Z4iVj5Xrg9<\/a><\/h4>\n\n\n\n<hr class=\"wp-block-separator has-alpha-channel-opacity is-style-wide\"\/>\n\n\n\n<h4 class=\"wp-block-heading\"><strong>SPOTIFY<\/strong><br><a href=\"https:\/\/open.spotify.com\/artist\/3eYXaUpfgxp7Nbamai866r?si=tip5mTcLQLO0kqU0EuQ-rQ\" target=\"_blank\" rel=\"noreferrer noopener\">https:\/\/open.spotify.com\/artist\/3eYXaUpfgxp7Nbamai866r?si=tip5mTcLQLO0kqU0EuQ-rQ<\/a><\/h4>\n\n\n\n<hr class=\"wp-block-separator has-alpha-channel-opacity is-style-wide\"\/>\n\n\n\n<h4 class=\"wp-block-heading\"><strong>YOUTUBE MUSIC<\/strong><br><a href=\"https:\/\/music.youtube.com\/channel\/UCkMLKaBgcqfUq010o787ivQ?feature=shared\" target=\"_blank\" rel=\"noreferrer noopener\">https:\/\/music.youtube.com\/channel\/UCkMLKaBgcqfUq010o787ivQ?feature=shared<\/a><\/h4>\n\n\n\n<div style=\"height:100px\" aria-hidden=\"true\" class=\"wp-block-spacer\"><\/div>\n\n\n\n<h3 class=\"wp-block-heading\">EXTRAS<\/h3>\n\n\n\n<p>Para uma amostra de material particular seguem alguns fonogramas via SoundCloud das v\u00e1rias fases na linha de tempo, ao vivo, em ensaios e em est\u00fadio (<a href=\"https:\/\/soundcloud.com\/vzyadoq-moe\">https:\/\/soundcloud.com\/vzyadoq-moe<\/a>).<\/p>\n\n\n\n<figure class=\"wp-block-table aligncenter\"><table><tbody><tr><td class=\"has-text-align-center\" data-align=\"center\"><strong>VIVA IANS\u00c3!<\/strong><br><a href=\"https:\/\/on.soundcloud.com\/HZCbr\" target=\"_blank\" rel=\"noreferrer noopener\">Ao vivo no Asteroid &#8211; 2010<\/a><br><\/td><td class=\"has-text-align-center\" data-align=\"center\"><strong>O GABINETE<\/strong><br><a href=\"https:\/\/on.soundcloud.com\/oCCF7\" target=\"_blank\" rel=\"noreferrer noopener\">AO VIVO NO ASTEROID &#8211; 2010<\/a><\/td><\/tr><tr><td class=\"has-text-align-center\" data-align=\"center\"><strong>PELLE<\/strong><br><a href=\"https:\/\/on.soundcloud.com\/JQRdK\" target=\"_blank\" rel=\"noreferrer noopener\">AO VIVO NO AEROANTA &#8211; 1990<\/a><br><\/td><td class=\"has-text-align-center\" data-align=\"center\"><strong>MAT\u00c9RIA QUE ME ABANDONE<\/strong><br><a href=\"https:\/\/on.soundcloud.com\/J5ftz\" target=\"_blank\" rel=\"noreferrer noopener\">GRAVADA NO SOFTSYNK &#8211; 1990<\/a><\/td><\/tr><tr><td class=\"has-text-align-center\" data-align=\"center\"><strong>N\u00c3O H\u00c1 MORTE<\/strong><br><a href=\"https:\/\/on.soundcloud.com\/k3hgM\" target=\"_blank\" rel=\"noreferrer noopener\">DO \u00c1LBUM O \u00c1PICE &#8211; 1988<\/a><br><\/td><td class=\"has-text-align-center\" data-align=\"center\"><strong>DESEJO EM CHAMAS<\/strong><br><a href=\"https:\/\/on.soundcloud.com\/Upjte\" target=\"_blank\" rel=\"noreferrer noopener\">DO \u00c1LBUM O \u00c1PICE &#8211; 1988<\/a><\/td><\/tr><tr><td class=\"has-text-align-center\" data-align=\"center\"><strong>AN\u00cdMICO<\/strong><br><a href=\"https:\/\/on.soundcloud.com\/9SRWE\" target=\"_blank\" rel=\"noreferrer noopener\">ENSAIO AO VIVO NO ALEX &#8211; 1991<\/a><br><\/td><td class=\"has-text-align-center\" data-align=\"center\"><strong>CATAT\u00d4NICA<\/strong><br><a href=\"https:\/\/on.soundcloud.com\/gNVJu\" target=\"_blank\" rel=\"noreferrer noopener\">ENSAIO AO VIVO NO ALEX &#8211; 1991<\/a><\/td><\/tr><tr><td class=\"has-text-align-center\" data-align=\"center\"><strong>ROMPANTES DE F\u00daRIA<\/strong><br><a href=\"https:\/\/on.soundcloud.com\/gNVJu\" target=\"_blank\" rel=\"noreferrer noopener\">GRAVADA EM EST\u00daDIO NOS PINHEIROS &#8211; 1992<\/a><\/td><td class=\"has-text-align-center\" data-align=\"center\"><strong>VIA PLASTEX<\/strong><br><a href=\"https:\/\/on.soundcloud.com\/WJmLo\" target=\"_blank\" rel=\"noreferrer noopener\">GRAVADA EM EST\u00daDIO NOS PINHEIROS &#8211; 1992<\/a><\/td><\/tr><\/tbody><\/table><figcaption class=\"wp-element-caption\">PLAYLIST DE V\u00c1RIAS FASES<\/figcaption><\/figure>\n\n\n\n<div style=\"height:100px\" aria-hidden=\"true\" class=\"wp-block-spacer\"><\/div>\n","protected":false},"excerpt":{"rendered":"<p>Est\u00e3o dispon\u00edveis nos tocadores de streaming 3 \u00e1lbuns: O \u00c1pice, Hard Macumba e Singles para todos curtirem um bom peda\u00e7o da nossa hist\u00f3ria musical, porque ainda muitas m\u00fasicas n\u00e3o foram gravadas, embora fizessem parte de<span class=\"more-button\"><a href=\"https:\/\/vzyadoqmoe.com.br\/index.php\/playlist\/\" class=\"more-link\">Continue lendo<span class=\"screen-reader-text\">PLAYLIST<\/span><i class=\"fa fa-angle-right\" aria-hidden=\"true\"><\/i><\/a><\/span><\/p>\n","protected":false},"author":1,"featured_media":0,"parent":0,"menu_order":0,"comment_status":"closed","ping_status":"closed","template":"","meta":{"footnotes":""},"class_list":["post-194","page","type-page","status-publish","hentry"],"_links":{"self":[{"href":"https:\/\/vzyadoqmoe.com.br\/index.php\/wp-json\/wp\/v2\/pages\/194","targetHints":{"allow":["GET"]}}],"collection":[{"href":"https:\/\/vzyadoqmoe.com.br\/index.php\/wp-json\/wp\/v2\/pages"}],"about":[{"href":"https:\/\/vzyadoqmoe.com.br\/index.php\/wp-json\/wp\/v2\/types\/page"}],"author":[{"embeddable":true,"href":"https:\/\/vzyadoqmoe.com.br\/index.php\/wp-json\/wp\/v2\/users\/1"}],"replies":[{"embeddable":true,"href":"https:\/\/vzyadoqmoe.com.br\/index.php\/wp-json\/wp\/v2\/comments?post=194"}],"version-history":[{"count":7,"href":"https:\/\/vzyadoqmoe.com.br\/index.php\/wp-json\/wp\/v2\/pages\/194\/revisions"}],"predecessor-version":[{"id":229,"href":"https:\/\/vzyadoqmoe.com.br\/index.php\/wp-json\/wp\/v2\/pages\/194\/revisions\/229"}],"wp:attachment":[{"href":"https:\/\/vzyadoqmoe.com.br\/index.php\/wp-json\/wp\/v2\/media?parent=194"}],"curies":[{"name":"wp","href":"https:\/\/api.w.org\/{rel}","templated":true}]}}