{"id":2,"date":"2024-05-04T09:03:09","date_gmt":"2024-05-04T12:03:09","guid":{"rendered":"http:\/\/vzyadoqmoe.com.br\/?page_id=2"},"modified":"2024-05-06T15:52:55","modified_gmt":"2024-05-06T18:52:55","slug":"pagina-exemplo","status":"publish","type":"page","link":"https:\/\/vzyadoqmoe.com.br\/","title":{"rendered":"Vzyadoq Moe Oficial"},"content":{"rendered":"\n<p>VZYADOQ MOE \u00e9 uma banda brasileira de rock alternativo. Surgido em 1986 na cidade de Sorocaba, o grupo tornou-se objeto de culto rapidamente gra\u00e7as \u00e0 sua mistura original de influ\u00eancias. O Vzyadoq criou uma sonoridade inconfund\u00edvel a partir da mistura do p\u00f3s-punk ingl\u00eas (Bauhaus, Joy Division, The Cure, Killing Joke) com o rock alem\u00e3o do Einst\u00fcrzende Neubaten e Kraftwerk, samba de raiz (Nelson Cavaquinho, Cartola, Clara Nunes), literatura simbolista, hist\u00f3rias em quadrinhos e refer\u00eancias visuais ao cinema expressionista alem\u00e3o. <\/p>\n\n\n\n<blockquote class=\"wp-block-quote is-layout-flow wp-block-quote-is-layout-flow\">\n<p>O \u00c1pice, \u00fanico \u00e1lbum em vinil da banda, foi lan\u00e7ado em 1988 pelo selo Wop Bop, celeiro do rock independente de S\u00e3o Paulo nos anos 80, e permanece sendo um disco singular e influente. <\/p>\n<\/blockquote>\n\n\n\n<p>&#8230;ou alguma coisa assim:<\/p>\n\n\n\n<blockquote class=\"wp-block-quote is-layout-flow wp-block-quote-is-layout-flow\">\n<p>&#8230; um nome impronunci\u00e1vel para um som impressionante.<\/p>\n<cite>S\u00f4nia Maia &#8211; Revista Bizz<\/cite><\/blockquote>\n\n\n\n<p>Neste espa\u00e7o voc\u00ea pode conhecer um pouquinho da nossa hist\u00f3ria. Divirta-se!<\/p>\n\n\n\n<div style=\"height:59px\" aria-hidden=\"true\" class=\"wp-block-spacer\"><\/div>\n\n\n\n<p>O Vzyadoq Moe passou por 3 ciclos:<\/p>\n\n\n\n<h3 class=\"wp-block-heading\">1986-1988 \/ 2010<\/h3>\n\n\n\n<p>O <strong>primeiro <\/strong>com Fausto Marthe (vocal e letras), Marcos Peroba (latas, percuss\u00e3o e bateria), Degas Steffen (baixo), Marcelo Raymond (guitarra), Jaksan Moreira (guitarra). <\/p>\n\n\n\n<h3 class=\"wp-block-heading\"><strong>1988-1991<\/strong><\/h3>\n\n\n\n<p>A <strong>segunda <\/strong>forma\u00e7\u00e3o com Fausto Marthe (vocal e letras), Marcos Peroba (latas, percuss\u00e3o e bateria), Degas Steffen (baixo), Marcelo Raymond (guitarra), Fernand\u00e3o (guitarra). <\/p>\n\n\n\n<h3 class=\"wp-block-heading\"><strong>1991-1993<\/strong><\/h3>\n\n\n\n<p>A <strong>terceira <\/strong>forma\u00e7\u00e3o como quarteto com Fausto Marthe (vocal e letras), Marcos Peroba (latas, percuss\u00e3o e bateria), Degas Steffen (baixo), Marcelo Raymond (guitarra). <\/p>\n\n\n\n<p><\/p>\n\n\n\n<figure class=\"wp-block-table aligncenter\"><table><tbody><tr><td class=\"has-text-align-center\" data-align=\"center\"><img decoding=\"async\" src=\"http:\/\/vzyadoqmoe.com.br\/wp-content\/uploads\/2024\/05\/morto-out.jpg\" alt=\"Fusto Marthe - Vocal e letras\"><br>Fusto Marthe &#8211; Vocal e letras<br><\/td><td class=\"has-text-align-center\" data-align=\"center\"><img decoding=\"async\" src=\"http:\/\/vzyadoqmoe.com.br\/wp-content\/uploads\/2024\/05\/peroba-out.jpg\" alt=\"Marcos Peroba - Bateria\">Marcos Peroba &#8211; Bateria<\/td><\/tr><tr><td class=\"has-text-align-center\" data-align=\"center\"><img decoding=\"async\" src=\"http:\/\/vzyadoqmoe.com.br\/wp-content\/uploads\/2024\/05\/degas-out.jpg\" alt=\"Degas St - Baixo\"><br><br><br>Degas St &#8211; Baixo<br><\/td><td class=\"has-text-align-center\" data-align=\"center\"><img decoding=\"async\" src=\"http:\/\/vzyadoqmoe.com.br\/wp-content\/uploads\/2024\/05\/acabado-out.jpg\" alt=\"Marcelo Raymond - Guitarra\"><br><br><br>Marcelo Raymond &#8211; Guitarra<\/td><\/tr><tr><td class=\"has-text-align-center\" data-align=\"center\"><img decoding=\"async\" src=\"http:\/\/vzyadoqmoe.com.br\/wp-content\/uploads\/2024\/05\/jaksan-out.jpg\" alt=\"Jaksan Moreira - Guitarra\">Jaksan Moreira &#8211; Guitarra<\/td><td class=\"has-text-align-center\" data-align=\"center\"><img decoding=\"async\" src=\"http:\/\/vzyadoqmoe.com.br\/wp-content\/uploads\/2024\/05\/fernandao-out.jpg\" alt=\"Fernand\u00e3o - Guitarra\">Fernand\u00e3o &#8211; Guitarra<\/td><\/tr><\/tbody><\/table><\/figure>\n\n\n\n<div style=\"height:100px\" aria-hidden=\"true\" class=\"wp-block-spacer\"><\/div>\n","protected":false},"excerpt":{"rendered":"<p>VZYADOQ MOE \u00e9 uma banda brasileira de rock alternativo. Surgido em 1986 na cidade de Sorocaba, o grupo tornou-se objeto de culto rapidamente gra\u00e7as \u00e0 sua mistura original de influ\u00eancias. O Vzyadoq criou uma sonoridade<span class=\"more-button\"><a href=\"https:\/\/vzyadoqmoe.com.br\/\" class=\"more-link\">Continue lendo<span class=\"screen-reader-text\">Vzyadoq Moe Oficial<\/span><i class=\"fa fa-angle-right\" aria-hidden=\"true\"><\/i><\/a><\/span><\/p>\n","protected":false},"author":1,"featured_media":0,"parent":0,"menu_order":0,"comment_status":"closed","ping_status":"open","template":"","meta":{"footnotes":""},"class_list":["post-2","page","type-page","status-publish","hentry"],"_links":{"self":[{"href":"https:\/\/vzyadoqmoe.com.br\/index.php\/wp-json\/wp\/v2\/pages\/2","targetHints":{"allow":["GET"]}}],"collection":[{"href":"https:\/\/vzyadoqmoe.com.br\/index.php\/wp-json\/wp\/v2\/pages"}],"about":[{"href":"https:\/\/vzyadoqmoe.com.br\/index.php\/wp-json\/wp\/v2\/types\/page"}],"author":[{"embeddable":true,"href":"https:\/\/vzyadoqmoe.com.br\/index.php\/wp-json\/wp\/v2\/users\/1"}],"replies":[{"embeddable":true,"href":"https:\/\/vzyadoqmoe.com.br\/index.php\/wp-json\/wp\/v2\/comments?post=2"}],"version-history":[{"count":10,"href":"https:\/\/vzyadoqmoe.com.br\/index.php\/wp-json\/wp\/v2\/pages\/2\/revisions"}],"predecessor-version":[{"id":221,"href":"https:\/\/vzyadoqmoe.com.br\/index.php\/wp-json\/wp\/v2\/pages\/2\/revisions\/221"}],"wp:attachment":[{"href":"https:\/\/vzyadoqmoe.com.br\/index.php\/wp-json\/wp\/v2\/media?parent=2"}],"curies":[{"name":"wp","href":"https:\/\/api.w.org\/{rel}","templated":true}]}}