{"id":21,"date":"2024-05-04T11:30:34","date_gmt":"2024-05-04T14:30:34","guid":{"rendered":"http:\/\/vzyadoqmoe.com.br\/?page_id=21"},"modified":"2025-01-10T19:15:52","modified_gmt":"2025-01-10T22:15:52","slug":"discografia","status":"publish","type":"page","link":"https:\/\/vzyadoqmoe.com.br\/index.php\/discografia\/","title":{"rendered":"DISCOGRAFIA"},"content":{"rendered":"<div class=\"wp-block-image\">\n<figure class=\"aligncenter size-full\"><img loading=\"lazy\" decoding=\"async\" width=\"576\" height=\"603\" src=\"http:\/\/vzyadoqmoe.com.br\/wp-content\/uploads\/2024\/05\/3-lps.jpg\" alt=\"Vzyadoq Moe\" class=\"wp-image-22\" srcset=\"https:\/\/vzyadoqmoe.com.br\/wp-content\/uploads\/2024\/05\/3-lps.jpg 576w, https:\/\/vzyadoqmoe.com.br\/wp-content\/uploads\/2024\/05\/3-lps-287x300.jpg 287w\" sizes=\"auto, (max-width: 576px) 100vw, 576px\" \/><figcaption class=\"wp-element-caption\">Vzyadoq Moe &#8211; capas<\/figcaption><\/figure>\n<\/div>\n\n\n<h3 class=\"wp-block-heading\">O \u00c1PICE (The Summit)<\/h3>\n\n\n\n<p>Produzido por Jos\u00e9 Augusto Lemos &#8211; gravado e mixado no Est\u00fadio Eldorado &#8211; 1987 entre Nobembro e Dezembro &#8211; WOP BOP \u2013 S\u00e3o Paulo \u2013 Brasil &#8211; 10 m\u00fasicas com muito noise, samba, delay, rock, latas &#8211; m\u00fasicas da banda, letras por Morto &#8211; capa por Degas Steffen.<\/p>\n\n\n<div class=\"wp-block-image\">\n<figure class=\"aligncenter size-full\"><img loading=\"lazy\" decoding=\"async\" width=\"800\" height=\"800\" src=\"http:\/\/vzyadoqmoe.com.br\/wp-content\/uploads\/2024\/05\/Apice1.jpg\" alt=\"Vzyadoq Moe - O \u00c1PICE \" class=\"wp-image-23\" srcset=\"https:\/\/vzyadoqmoe.com.br\/wp-content\/uploads\/2024\/05\/Apice1.jpg 800w, https:\/\/vzyadoqmoe.com.br\/wp-content\/uploads\/2024\/05\/Apice1-300x300.jpg 300w, https:\/\/vzyadoqmoe.com.br\/wp-content\/uploads\/2024\/05\/Apice1-150x150.jpg 150w, https:\/\/vzyadoqmoe.com.br\/wp-content\/uploads\/2024\/05\/Apice1-768x768.jpg 768w, https:\/\/vzyadoqmoe.com.br\/wp-content\/uploads\/2024\/05\/Apice1-100x100.jpg 100w\" sizes=\"auto, (max-width: 800px) 100vw, 800px\" \/><figcaption class=\"wp-element-caption\"> <\/figcaption><\/figure>\n<\/div>\n\n\n<ol class=\"wp-block-list\">\n<li>Junto Ao C\u00e9u<\/li>\n\n\n\n<li>O \u00daltimo Designo<\/li>\n\n\n\n<li>O Incerto<\/li>\n\n\n\n<li>Desejo Em Chamas<\/li>\n\n\n\n<li>Reden\u00e7\u00e3o<\/li>\n\n\n\n<li>N\u00e3o H\u00e1 Morte<\/li>\n\n\n\n<li>A Monomania<\/li>\n\n\n\n<li>O Apice<\/li>\n\n\n\n<li>Guerra Das Sombras<\/li>\n\n\n\n<li>Expans\u00e3o<\/li>\n<\/ol>\n\n\n\n<div style=\"height:100px\" aria-hidden=\"true\" class=\"wp-block-spacer\"><\/div>\n\n\n\n<h3 class=\"wp-block-heading\">HARD MACUMBA<\/h3>\n\n\n\n<p>Produzido por Akira S. e RH Jackson em 1999 &#8211; m\u00fasicas da banda, letras por Morto &#8211; capa por Degas Steffen.<\/p>\n\n\n<div class=\"wp-block-image\">\n<figure class=\"aligncenter size-full is-resized\"><img loading=\"lazy\" decoding=\"async\" width=\"720\" height=\"538\" src=\"http:\/\/vzyadoqmoe.com.br\/wp-content\/uploads\/2024\/05\/Hard-Macumba.jpg\" alt=\"Vzyadoq Moe - HARD MACUMBA\" class=\"wp-image-24\" style=\"width:796px;height:auto\" srcset=\"https:\/\/vzyadoqmoe.com.br\/wp-content\/uploads\/2024\/05\/Hard-Macumba.jpg 720w, https:\/\/vzyadoqmoe.com.br\/wp-content\/uploads\/2024\/05\/Hard-Macumba-300x224.jpg 300w, https:\/\/vzyadoqmoe.com.br\/wp-content\/uploads\/2024\/05\/Hard-Macumba-666x499.jpg 666w\" sizes=\"auto, (max-width: 720px) 100vw, 720px\" \/><\/figure>\n<\/div>\n\n\n<ol class=\"wp-block-list\">\n<li>In pace requiescat<\/li>\n\n\n\n<li>Quando da Sabedoria<\/li>\n\n\n\n<li>Um Sonho de Libertinagem<\/li>\n\n\n\n<li>Viva Ians\u00e3<\/li>\n\n\n\n<li>Pelle (ao vivo no Aeroanta-SP)<\/li>\n\n\n\n<li>Possesso<\/li>\n\n\n\n<li>An\u00edmico<\/li>\n<\/ol>\n\n\n\n<div style=\"height:100px\" aria-hidden=\"true\" class=\"wp-block-spacer\"><\/div>\n\n\n\n<h3 class=\"wp-block-heading\">SINGLES<\/h3>\n\n\n\n<p>Produzido por Vzyadoq Moe &#8211; m\u00fasicas da banda, letras por Morto &#8211; capa por Degas Steffen.<\/p>\n\n\n<div class=\"wp-block-image\">\n<figure class=\"aligncenter size-full is-resized\"><img loading=\"lazy\" decoding=\"async\" width=\"2080\" height=\"2080\" src=\"http:\/\/vzyadoqmoe.com.br\/wp-content\/uploads\/2025\/01\/Singles-Capa.jpg\" alt=\"VZYADOQ MOE - Singles\" class=\"wp-image-224\" style=\"width:810px;height:auto\" srcset=\"https:\/\/vzyadoqmoe.com.br\/wp-content\/uploads\/2025\/01\/Singles-Capa.jpg 2080w, https:\/\/vzyadoqmoe.com.br\/wp-content\/uploads\/2025\/01\/Singles-Capa-300x300.jpg 300w, https:\/\/vzyadoqmoe.com.br\/wp-content\/uploads\/2025\/01\/Singles-Capa-1024x1024.jpg 1024w, https:\/\/vzyadoqmoe.com.br\/wp-content\/uploads\/2025\/01\/Singles-Capa-150x150.jpg 150w, https:\/\/vzyadoqmoe.com.br\/wp-content\/uploads\/2025\/01\/Singles-Capa-768x768.jpg 768w, https:\/\/vzyadoqmoe.com.br\/wp-content\/uploads\/2025\/01\/Singles-Capa-1536x1536.jpg 1536w, https:\/\/vzyadoqmoe.com.br\/wp-content\/uploads\/2025\/01\/Singles-Capa-2048x2048.jpg 2048w, https:\/\/vzyadoqmoe.com.br\/wp-content\/uploads\/2025\/01\/Singles-Capa-825x825.jpg 825w, https:\/\/vzyadoqmoe.com.br\/wp-content\/uploads\/2025\/01\/Singles-Capa-100x100.jpg 100w\" sizes=\"auto, (max-width: 2080px) 100vw, 2080px\" \/><\/figure>\n<\/div>\n\n\n<ol class=\"wp-block-list\">\n<li>Rompantes de F\u00faria<\/li>\n\n\n\n<li>Escalada Plastex<\/li>\n\n\n\n<li>Catat\u00f4nica<\/li>\n<\/ol>\n\n\n\n<div style=\"height:100px\" aria-hidden=\"true\" class=\"wp-block-spacer\"><\/div>\n\n\n\n<h3 class=\"wp-block-heading\">SANGUINHO NOVO (Brand new blood\u2026)<\/h3>\n\n\n\n<p>\u00c1lbum tributo a Arnaldo Baptista com as bandas: Sexo Expl\u00edcito, 3 Hombres, Vzyadoq Moe, Sepultura, \u00daltimo N\u00famero, Paulo Micklos, Akira S, Ratos de Por\u00e3o, Fellini, Atahualpa I Us Panquis, Scowa, Maria Ang\u00e9lica &#8211; produzido por Alex Antunes e Miranda &#8211; gravado e mixado no Est\u00fadio Eldorado &#8211; 1989 &#8211; Eldorado \u2013 S\u00e3o Paulo \u2013 Brasil -Desespero, del\u00edrio e morte em S\u00e3o Paulo &#8211; m\u00fasica e letra por Arnaldo Baptista &#8211; capa por Al Voss\/Renato Yada.<\/p>\n\n\n<div class=\"wp-block-image\">\n<figure class=\"aligncenter size-full\"><img loading=\"lazy\" decoding=\"async\" width=\"800\" height=\"800\" src=\"http:\/\/vzyadoqmoe.com.br\/wp-content\/uploads\/2024\/05\/Sanguinho-Novo1.jpg\" alt=\"Vzyadoq Moe - SANGUINHO NOVO\" class=\"wp-image-25\" srcset=\"https:\/\/vzyadoqmoe.com.br\/wp-content\/uploads\/2024\/05\/Sanguinho-Novo1.jpg 800w, https:\/\/vzyadoqmoe.com.br\/wp-content\/uploads\/2024\/05\/Sanguinho-Novo1-300x300.jpg 300w, https:\/\/vzyadoqmoe.com.br\/wp-content\/uploads\/2024\/05\/Sanguinho-Novo1-150x150.jpg 150w, https:\/\/vzyadoqmoe.com.br\/wp-content\/uploads\/2024\/05\/Sanguinho-Novo1-768x768.jpg 768w, https:\/\/vzyadoqmoe.com.br\/wp-content\/uploads\/2024\/05\/Sanguinho-Novo1-100x100.jpg 100w\" sizes=\"auto, (max-width: 800px) 100vw, 800px\" \/><\/figure>\n<\/div>\n\n\n<ol class=\"wp-block-list\">\n<li>Bomba H sobre S\u00e3o Paulo<br>By Arnaldo Baptista<\/li>\n<\/ol>\n\n\n\n<div style=\"height:100px\" aria-hidden=\"true\" class=\"wp-block-spacer\"><\/div>\n\n\n\n<h3 class=\"wp-block-heading\">ENQUANTO ISSO\u2026 (Meanwhile\u2026)<\/h3>\n\n\n\n<p>\u00c1lbum colaborativo com as bandas: Vzyadoq Moe, 3 Hombres, Solano Star, Killing Chainsaw, Akt2, Not\u00edcias Popular -produced by Alex Antunes e RH Jackson &#8211; gravado e mixado no SoftSynch Studio por Akyra S. e Vzyadoq Moe \u2013 Outubro 1990 &#8211; Manifesto Records \u2013 S\u00e3o Paulo \u2013 Brazil &#8211; experi\u00eancia em ingl\u00eas da banda, m\u00fasicas da banda e letras por Morto &#8211; capa por Renato Yada\/Paulo Zocchi\/Liane Abdalla.<\/p>\n\n\n<div class=\"wp-block-image\">\n<figure class=\"aligncenter size-full\"><img loading=\"lazy\" decoding=\"async\" width=\"800\" height=\"800\" src=\"http:\/\/vzyadoqmoe.com.br\/wp-content\/uploads\/2024\/05\/Enquanto-Isso-2.jpg\" alt=\"Vzyadoq Moe - ENQUANTO ISSO\" class=\"wp-image-26\" srcset=\"https:\/\/vzyadoqmoe.com.br\/wp-content\/uploads\/2024\/05\/Enquanto-Isso-2.jpg 800w, https:\/\/vzyadoqmoe.com.br\/wp-content\/uploads\/2024\/05\/Enquanto-Isso-2-300x300.jpg 300w, https:\/\/vzyadoqmoe.com.br\/wp-content\/uploads\/2024\/05\/Enquanto-Isso-2-150x150.jpg 150w, https:\/\/vzyadoqmoe.com.br\/wp-content\/uploads\/2024\/05\/Enquanto-Isso-2-768x768.jpg 768w, https:\/\/vzyadoqmoe.com.br\/wp-content\/uploads\/2024\/05\/Enquanto-Isso-2-100x100.jpg 100w\" sizes=\"auto, (max-width: 800px) 100vw, 800px\" \/><\/figure>\n<\/div>\n\n\n<ol class=\"wp-block-list\">\n<li>The Cabinet<\/li>\n\n\n\n<li>Santa Brigida<\/li>\n<\/ol>\n\n\n\n<div style=\"height:100px\" aria-hidden=\"true\" class=\"wp-block-spacer\"><\/div>\n\n\n\n<h3 class=\"wp-block-heading\">NO WAVE &#8211; Brazilian Post Punk 1982 &#8211; 1988<\/h3>\n\n\n\n<p>Colet\u00e2nea lan\u00e7ada inicialmente na Alemanha com as bandas: Vzyadoq Moe, Agentess, Black Future, Akira S., Chance, Fellini, Mercen\u00e1rias, Muzak, Azul, Ira!, AKT, Volunt\u00e1rios da P\u00e1tria &#8211; 2005 &#8211; compilado por Alex Antunes.<\/p>\n\n\n<div class=\"wp-block-image\">\n<figure class=\"aligncenter size-full\"><img loading=\"lazy\" decoding=\"async\" width=\"800\" height=\"800\" src=\"http:\/\/vzyadoqmoe.com.br\/wp-content\/uploads\/2024\/05\/No-Wave.jpg\" alt=\"Vzyadoq Moe - NO WAVE\" class=\"wp-image-27\" srcset=\"https:\/\/vzyadoqmoe.com.br\/wp-content\/uploads\/2024\/05\/No-Wave.jpg 800w, https:\/\/vzyadoqmoe.com.br\/wp-content\/uploads\/2024\/05\/No-Wave-300x300.jpg 300w, https:\/\/vzyadoqmoe.com.br\/wp-content\/uploads\/2024\/05\/No-Wave-150x150.jpg 150w, https:\/\/vzyadoqmoe.com.br\/wp-content\/uploads\/2024\/05\/No-Wave-768x768.jpg 768w, https:\/\/vzyadoqmoe.com.br\/wp-content\/uploads\/2024\/05\/No-Wave-100x100.jpg 100w\" sizes=\"auto, (max-width: 800px) 100vw, 800px\" \/><\/figure>\n<\/div>\n\n\n<ol class=\"wp-block-list\">\n<li>Reden\u00e7\u00e3o (do O \u00c1pice)<\/li>\n<\/ol>\n\n\n\n<div style=\"height:100px\" aria-hidden=\"true\" class=\"wp-block-spacer\"><\/div>\n\n\n\n<h3 class=\"wp-block-heading\">COLT 45 &#8211; Underground Post Punk, Tropical Tapes, Lo Fi Electronics and Other Sounds from Brazil (1983-1993)<\/h3>\n\n\n\n<p>Colet\u00e2nea lan\u00e7ada inicialmente na Inglaterra com as bandas: Vzyadoq Moe, Diverg\u00eancia Socialista, O Grito Mudo, Harry, R. Mutt, Individual Industry, Ida e os Voltas, Saara Saara &#8211; 2021 &#8211; compilado por Tetine.<\/p>\n\n\n<div class=\"wp-block-image\">\n<figure class=\"aligncenter size-full\"><img loading=\"lazy\" decoding=\"async\" width=\"800\" height=\"800\" src=\"http:\/\/vzyadoqmoe.com.br\/wp-content\/uploads\/2024\/05\/Colt-45.jpg\" alt=\"Vzyadoq Moe - COLT 45\" class=\"wp-image-28\" srcset=\"https:\/\/vzyadoqmoe.com.br\/wp-content\/uploads\/2024\/05\/Colt-45.jpg 800w, https:\/\/vzyadoqmoe.com.br\/wp-content\/uploads\/2024\/05\/Colt-45-300x300.jpg 300w, https:\/\/vzyadoqmoe.com.br\/wp-content\/uploads\/2024\/05\/Colt-45-150x150.jpg 150w, https:\/\/vzyadoqmoe.com.br\/wp-content\/uploads\/2024\/05\/Colt-45-768x768.jpg 768w, https:\/\/vzyadoqmoe.com.br\/wp-content\/uploads\/2024\/05\/Colt-45-100x100.jpg 100w\" sizes=\"auto, (max-width: 800px) 100vw, 800px\" \/><\/figure>\n<\/div>\n\n\n<ol class=\"wp-block-list\">\n<li>N\u00e3o h\u00e1 morte (O \u00c1pice)<\/li>\n\n\n\n<li>Desejo em chamas (O \u00c1pice)<\/li>\n<\/ol>\n\n\n\n<div style=\"height:100px\" aria-hidden=\"true\" class=\"wp-block-spacer\"><\/div>\n\n\n\n<h3 class=\"wp-block-heading\">WAVE KLASSIX vol. 10<\/h3>\n\n\n\n<p>Colet\u00e2nea Agentss, Azul 29, Tokyo, Kodiak Bachine, Helena Muller, Harry, Vzyadoq Moe, Cabine C, Violeta de Outono, Tessalia, City Limits, Individual Industry, Simbolo, Saara Saara , Bad Cock, Pitch Yarn Of Matter &#8211; 2022 &#8211; Wave Records.<\/p>\n\n\n<div class=\"wp-block-image\">\n<figure class=\"aligncenter size-large\"><img loading=\"lazy\" decoding=\"async\" width=\"1024\" height=\"731\" src=\"http:\/\/vzyadoqmoe.com.br\/wp-content\/uploads\/2024\/05\/Wave-Klassix-1024x731.jpg\" alt=\"Vzyadoq Moe - WAVE KLASSIX\" class=\"wp-image-29\" srcset=\"https:\/\/vzyadoqmoe.com.br\/wp-content\/uploads\/2024\/05\/Wave-Klassix-1024x731.jpg 1024w, https:\/\/vzyadoqmoe.com.br\/wp-content\/uploads\/2024\/05\/Wave-Klassix-300x214.jpg 300w, https:\/\/vzyadoqmoe.com.br\/wp-content\/uploads\/2024\/05\/Wave-Klassix-768x548.jpg 768w, https:\/\/vzyadoqmoe.com.br\/wp-content\/uploads\/2024\/05\/Wave-Klassix-1536x1096.jpg 1536w, https:\/\/vzyadoqmoe.com.br\/wp-content\/uploads\/2024\/05\/Wave-Klassix.jpg 2048w\" sizes=\"auto, (max-width: 1024px) 100vw, 1024px\" \/><\/figure>\n<\/div>\n\n\n<ol class=\"wp-block-list\">\n<li>Sete corvos sobre a cerca (m\u00fasica Vzyadoq Moe, letra Morto)<br>Ao vivo em ensaio de 2010.<\/li>\n<\/ol>\n\n\n\n<div style=\"height:100px\" aria-hidden=\"true\" class=\"wp-block-spacer\"><\/div>\n\n\n\n<p>Agora alguns encartes dos lan\u00e7amentos acima.<\/p>\n\n\n\n<h3 class=\"wp-block-heading\">O \u00c1PICE<\/h3>\n\n\n<div class=\"wp-block-image\">\n<figure class=\"aligncenter size-large\"><img loading=\"lazy\" decoding=\"async\" width=\"1024\" height=\"551\" src=\"http:\/\/vzyadoqmoe.com.br\/wp-content\/uploads\/2024\/05\/Apice2-1024x551.jpg\" alt=\"Vzyadoq Moe - O \u00c1PICE\" class=\"wp-image-30\" srcset=\"https:\/\/vzyadoqmoe.com.br\/wp-content\/uploads\/2024\/05\/Apice2-1024x551.jpg 1024w, https:\/\/vzyadoqmoe.com.br\/wp-content\/uploads\/2024\/05\/Apice2-300x161.jpg 300w, https:\/\/vzyadoqmoe.com.br\/wp-content\/uploads\/2024\/05\/Apice2-768x413.jpg 768w, https:\/\/vzyadoqmoe.com.br\/wp-content\/uploads\/2024\/05\/Apice2.jpg 1488w\" sizes=\"auto, (max-width: 1024px) 100vw, 1024px\" \/><\/figure>\n<\/div>\n\n<div class=\"wp-block-image\">\n<figure class=\"aligncenter size-large\"><img loading=\"lazy\" decoding=\"async\" width=\"1024\" height=\"512\" src=\"http:\/\/vzyadoqmoe.com.br\/wp-content\/uploads\/2024\/05\/Apice4-1024x512.jpg\" alt=\"Vzyadoq Moe - O \u00c1PICE\" class=\"wp-image-32\" srcset=\"https:\/\/vzyadoqmoe.com.br\/wp-content\/uploads\/2024\/05\/Apice4-1024x512.jpg 1024w, https:\/\/vzyadoqmoe.com.br\/wp-content\/uploads\/2024\/05\/Apice4-300x150.jpg 300w, https:\/\/vzyadoqmoe.com.br\/wp-content\/uploads\/2024\/05\/Apice4-768x384.jpg 768w, https:\/\/vzyadoqmoe.com.br\/wp-content\/uploads\/2024\/05\/Apice4-1536x768.jpg 1536w, https:\/\/vzyadoqmoe.com.br\/wp-content\/uploads\/2024\/05\/Apice4.jpg 1599w\" sizes=\"auto, (max-width: 1024px) 100vw, 1024px\" \/><\/figure>\n<\/div>\n\n<div class=\"wp-block-image\">\n<figure class=\"aligncenter size-large\"><img loading=\"lazy\" decoding=\"async\" width=\"1024\" height=\"512\" src=\"http:\/\/vzyadoqmoe.com.br\/wp-content\/uploads\/2024\/05\/Apice4-1024x512.jpg\" alt=\"Vzyadoq Moe - O \u00c1PICE\" class=\"wp-image-32\" srcset=\"https:\/\/vzyadoqmoe.com.br\/wp-content\/uploads\/2024\/05\/Apice4-1024x512.jpg 1024w, https:\/\/vzyadoqmoe.com.br\/wp-content\/uploads\/2024\/05\/Apice4-300x150.jpg 300w, https:\/\/vzyadoqmoe.com.br\/wp-content\/uploads\/2024\/05\/Apice4-768x384.jpg 768w, https:\/\/vzyadoqmoe.com.br\/wp-content\/uploads\/2024\/05\/Apice4-1536x768.jpg 1536w, https:\/\/vzyadoqmoe.com.br\/wp-content\/uploads\/2024\/05\/Apice4.jpg 1599w\" sizes=\"auto, (max-width: 1024px) 100vw, 1024px\" \/><\/figure>\n<\/div>\n\n\n<div style=\"height:100px\" aria-hidden=\"true\" class=\"wp-block-spacer\"><\/div>\n\n\n\n<h3 class=\"wp-block-heading\">ENQUANTO ISSO<\/h3>\n\n\n<div class=\"wp-block-image\">\n<figure class=\"aligncenter size-full\"><img loading=\"lazy\" decoding=\"async\" width=\"800\" height=\"800\" src=\"http:\/\/vzyadoqmoe.com.br\/wp-content\/uploads\/2024\/05\/enquanto-isso5.jpg\" alt=\"Vzyadoq Moe - ENQUANTO ISSO\" class=\"wp-image-34\" srcset=\"https:\/\/vzyadoqmoe.com.br\/wp-content\/uploads\/2024\/05\/enquanto-isso5.jpg 800w, https:\/\/vzyadoqmoe.com.br\/wp-content\/uploads\/2024\/05\/enquanto-isso5-300x300.jpg 300w, https:\/\/vzyadoqmoe.com.br\/wp-content\/uploads\/2024\/05\/enquanto-isso5-150x150.jpg 150w, https:\/\/vzyadoqmoe.com.br\/wp-content\/uploads\/2024\/05\/enquanto-isso5-768x768.jpg 768w, https:\/\/vzyadoqmoe.com.br\/wp-content\/uploads\/2024\/05\/enquanto-isso5-100x100.jpg 100w\" sizes=\"auto, (max-width: 800px) 100vw, 800px\" \/><\/figure>\n<\/div>\n\n\n<div style=\"height:100px\" aria-hidden=\"true\" class=\"wp-block-spacer\"><\/div>\n","protected":false},"excerpt":{"rendered":"<p>O \u00c1PICE (The Summit) Produzido por Jos\u00e9 Augusto Lemos &#8211; gravado e mixado no Est\u00fadio Eldorado &#8211; 1987 entre Nobembro e Dezembro &#8211; WOP BOP \u2013 S\u00e3o Paulo \u2013 Brasil &#8211; 10 m\u00fasicas com muito<span class=\"more-button\"><a href=\"https:\/\/vzyadoqmoe.com.br\/index.php\/discografia\/\" class=\"more-link\">Continue lendo<span class=\"screen-reader-text\">DISCOGRAFIA<\/span><i class=\"fa fa-angle-right\" aria-hidden=\"true\"><\/i><\/a><\/span><\/p>\n","protected":false},"author":1,"featured_media":0,"parent":0,"menu_order":0,"comment_status":"closed","ping_status":"closed","template":"","meta":{"footnotes":""},"class_list":["post-21","page","type-page","status-publish","hentry"],"_links":{"self":[{"href":"https:\/\/vzyadoqmoe.com.br\/index.php\/wp-json\/wp\/v2\/pages\/21","targetHints":{"allow":["GET"]}}],"collection":[{"href":"https:\/\/vzyadoqmoe.com.br\/index.php\/wp-json\/wp\/v2\/pages"}],"about":[{"href":"https:\/\/vzyadoqmoe.com.br\/index.php\/wp-json\/wp\/v2\/types\/page"}],"author":[{"embeddable":true,"href":"https:\/\/vzyadoqmoe.com.br\/index.php\/wp-json\/wp\/v2\/users\/1"}],"replies":[{"embeddable":true,"href":"https:\/\/vzyadoqmoe.com.br\/index.php\/wp-json\/wp\/v2\/comments?post=21"}],"version-history":[{"count":4,"href":"https:\/\/vzyadoqmoe.com.br\/index.php\/wp-json\/wp\/v2\/pages\/21\/revisions"}],"predecessor-version":[{"id":227,"href":"https:\/\/vzyadoqmoe.com.br\/index.php\/wp-json\/wp\/v2\/pages\/21\/revisions\/227"}],"wp:attachment":[{"href":"https:\/\/vzyadoqmoe.com.br\/index.php\/wp-json\/wp\/v2\/media?parent=21"}],"curies":[{"name":"wp","href":"https:\/\/api.w.org\/{rel}","templated":true}]}}